{"id":3691,"date":"2022-05-23T16:33:45","date_gmt":"2022-05-23T15:33:45","guid":{"rendered":"https:\/\/bcg45.fr\/?page_id=3691"},"modified":"2022-11-03T16:55:45","modified_gmt":"2022-11-03T15:55:45","slug":"1-presentation-club","status":"publish","type":"page","link":"https:\/\/bcg45.fr\/index.php\/1-presentation-club\/","title":{"rendered":"Club"},"content":{"rendered":"\n<p><strong>Notre histoire&nbsp;:<\/strong><\/p>\n\n\n\n<p>Le badminton club de Gien a pour origine le badminton club de Nevoy il \u00e9tait une des sections de l\u2019association Nevoy loisirs. Cette association regroupait tous types d\u2019activit\u00e9s au niveau loisir. L\u2019association est d\u00e9clar\u00e9e le 15 octobre 1999 en pr\u00e9fecture et apparait dans le journal officiel le 27 novembre 1999.<\/p>\n\n\n\n<p>L\u2019association est d\u00e9plac\u00e9e \u00e0 Gien le 18 d\u00e9cembre 2008 et devient le badminton club de Gien au vu du nombre grandissant de membres et est d\u00e9clar\u00e9e \u00e0 la pr\u00e9fecture du Loiret le 23 f\u00e9vrier 2009. D\u00e8s 2014, le club s\u2019entoure d\u2019un premier \u00e9ducateur sportif Alexandre DORE puis un an apr\u00e8s K\u00e9vin GASQUEZ qui est rest\u00e9 jusqu&rsquo;en Aout 2022. Et Alexandre DORE a fait son retour le 1 septembre 2022.<\/p>\n\n\n\n<p>Le pr\u00e9sident fondateur du club \u00e0 \u00e9t\u00e9 Herv\u00e9 POLINE un professeur de sport. Durant son mandat, il fait une pause et est remplac\u00e9 par Pascal NOUZERAN pendant 2 ans. Christophe MONTIGNY sera leur successeur en 2015 jusqu\u2019en novembre 2020. Depuis novembre 2020 c\u2019est St\u00e9phane BESMOND qui est pr\u00e9sident du Club Badminton de Gien.<\/p>\n\n\n\n<p><strong>Histoire particuli\u00e8re&nbsp;:<\/strong><\/p>\n\n\n\n<p>Le BCG organise r\u00e9guli\u00e8rement le tournois national de Gien (TNG). Cette ann\u00e9e le club a organis\u00e9 la 17<sup>\u00e8me<\/sup> \u00e9dition, ce tournois accueille environ 300 personnes dont quelques joueurs\/joueuses du top 20 des meilleurs fran\u00e7ais. Il se joue g\u00e9n\u00e9ralement entre 14 et 18 terrains en fonction des mesures sanitaires mise en place par le gouvernement.<\/p>\n\n\n\n<p>2014 est une ann\u00e9e historique pour le BCG car c\u2019est premi\u00e8re fois qu\u2019une \u00e9quipe du club r\u00e9ussit \u00e0 monter en national 3 et \u00e0 r\u00e9ussit maintenir sa position depuis.<\/p>\n\n\n\n<p>Le club poss\u00e8de aussi le label EFB (Ecole Fran\u00e7aise de Badminton) 3 \u00e9toiles. Pour information il existe 5 niveaux de labellisation allant de 1 \u00e9toile \u00e0 5 \u00e9toiles, le fait d\u2019\u00eatre labellis\u00e9 Ecole Fran\u00e7aise de Badminton garantit un accueil de qualit\u00e9 aux jeunes de 6 \u00e0 17 ans dans des cr\u00e9neaux sp\u00e9cifiques par \u00e2ge et par niveau. De plus les s\u00e9ances sont encadr\u00e9es par des \u00e9ducateurs sportifs dipl\u00f4m\u00e9s.<\/p>\n\n\n\n<figure class=\"wp-block-image size-full is-resized\"><a href=\"https:\/\/bcg45.fr\/wp-content\/uploads\/2022\/04\/EFB_3Etoiles.png\"><img loading=\"lazy\" decoding=\"async\" src=\"https:\/\/bcg45.fr\/wp-content\/uploads\/2022\/04\/EFB_3Etoiles.png\" alt=\"\" class=\"wp-image-3692\" width=\"81\" height=\"108\"\/><\/a><\/figure>\n\n\n\n<p>&nbsp;Club qui structure son \u00e9cole de jeunes en s\u2019appuyant prioritairement sur le Dispositif Jeunes. Le club a plus de 50 pourcents de jeunes dans le club, en cette ann\u00e9e 2022 trois joueurs se sont qualifi\u00e9s pour les championnats de France.<\/p>\n\n\n\n<p><strong>Information diverse&nbsp;:<\/strong><\/p>\n\n\n\n<p>Cette ann\u00e9e (saison 2021\/2022) le club poss\u00e8de 100 licenci\u00e9s. Ce sont majoritairement des hommes 63% et le reste des femmes 37%. Plus pr\u00e9cis\u00e9ment 52 jeunes \u00e2g\u00e9s de moins de 18 ans, 25 \u00e2g\u00e9s de 18 \u00e0 35 ans et 23 de plus de 35 ans.<\/p>\n\n\n\n<p>&nbsp;Le club a perdu une grosse partie de ses adh\u00e9rents \u00e0 cause de la covid-19, une trentaine de licenci\u00e9s.<\/p>\n\n\n\n<p>Historique des licenci\u00e9s&nbsp;:<\/p>\n\n\n\n<p>Saison 2019\/2020&nbsp;: 132 licenci\u00e9s, saison 2020\/2021&nbsp;: 75 licenci\u00e9s et saison 2021\/2022&nbsp;: 100 licenci\u00e9s.<\/p>\n","protected":false},"excerpt":{"rendered":"<p>Notre histoire&nbsp;: Le badminton club de Gien a pour origine le badminton club de Nevoy il \u00e9tait une des sections de l\u2019association Nevoy loisirs. Cette association regroupait tous types d\u2019activit\u00e9s [&hellip;]<\/p>\n","protected":false},"author":20,"featured_media":0,"parent":0,"menu_order":0,"comment_status":"closed","ping_status":"closed","template":"","meta":{"ngg_post_thumbnail":0,"jetpack_post_was_ever_published":false,"footnotes":""},"class_list":["post-3691","page","type-page","status-publish","czr-hentry"],"yoast_head":"<!-- This site is optimized with the Yoast SEO plugin v26.6 - https:\/\/yoast.com\/wordpress\/plugins\/seo\/ -->\n<title>Club - Badminton Club de Gien<\/title>\n<meta name=\"robots\" content=\"noindex, follow\" \/>\n<meta property=\"og:locale\" content=\"fr_FR\" \/>\n<meta property=\"og:type\" content=\"article\" \/>\n<meta property=\"og:title\" content=\"Club - Badminton Club de Gien\" \/>\n<meta property=\"og:description\" content=\"Notre histoire&nbsp;: Le badminton club de Gien a pour origine le badminton club de Nevoy il \u00e9tait une des sections de l\u2019association Nevoy loisirs. Cette association regroupait tous types d\u2019activit\u00e9s [&hellip;]\" \/>\n<meta property=\"og:url\" content=\"https:\/\/bcg45.fr\/index.php\/1-presentation-club\/\" \/>\n<meta property=\"og:site_name\" content=\"Badminton Club de Gien\" \/>\n<meta property=\"article:modified_time\" content=\"2022-11-03T15:55:45+00:00\" \/>\n<meta property=\"og:image\" content=\"https:\/\/bcg45.fr\/wp-content\/uploads\/2022\/04\/EFB_3Etoiles.png\" \/>\n<meta name=\"twitter:card\" content=\"summary_large_image\" \/>\n<meta name=\"twitter:label1\" content=\"Dur\u00e9e de lecture estim\u00e9e\" \/>\n\t<meta name=\"twitter:data1\" content=\"3 minutes\" \/>\n<script type=\"application\/ld+json\" class=\"yoast-schema-graph\">{\"@context\":\"https:\/\/schema.org\",\"@graph\":[{\"@type\":\"WebPage\",\"@id\":\"https:\/\/bcg45.fr\/index.php\/1-presentation-club\/\",\"url\":\"https:\/\/bcg45.fr\/index.php\/1-presentation-club\/\",\"name\":\"Club - Badminton Club de Gien\",\"isPartOf\":{\"@id\":\"https:\/\/bcg45.fr\/#website\"},\"primaryImageOfPage\":{\"@id\":\"https:\/\/bcg45.fr\/index.php\/1-presentation-club\/#primaryimage\"},\"image\":{\"@id\":\"https:\/\/bcg45.fr\/index.php\/1-presentation-club\/#primaryimage\"},\"thumbnailUrl\":\"https:\/\/bcg45.fr\/wp-content\/uploads\/2022\/04\/EFB_3Etoiles.png\",\"datePublished\":\"2022-05-23T15:33:45+00:00\",\"dateModified\":\"2022-11-03T15:55:45+00:00\",\"breadcrumb\":{\"@id\":\"https:\/\/bcg45.fr\/index.php\/1-presentation-club\/#breadcrumb\"},\"inLanguage\":\"fr-FR\",\"potentialAction\":[{\"@type\":\"ReadAction\",\"target\":[\"https:\/\/bcg45.fr\/index.php\/1-presentation-club\/\"]}]},{\"@type\":\"ImageObject\",\"inLanguage\":\"fr-FR\",\"@id\":\"https:\/\/bcg45.fr\/index.php\/1-presentation-club\/#primaryimage\",\"url\":\"https:\/\/bcg45.fr\/wp-content\/uploads\/2022\/04\/EFB_3Etoiles.png\",\"contentUrl\":\"https:\/\/bcg45.fr\/wp-content\/uploads\/2022\/04\/EFB_3Etoiles.png\",\"width\":150,\"height\":200},{\"@type\":\"BreadcrumbList\",\"@id\":\"https:\/\/bcg45.fr\/index.php\/1-presentation-club\/#breadcrumb\",\"itemListElement\":[{\"@type\":\"ListItem\",\"position\":1,\"name\":\"Accueil\",\"item\":\"https:\/\/bcg45.fr\/\"},{\"@type\":\"ListItem\",\"position\":2,\"name\":\"Club\"}]},{\"@type\":\"WebSite\",\"@id\":\"https:\/\/bcg45.fr\/#website\",\"url\":\"https:\/\/bcg45.fr\/\",\"name\":\"Badminton Club de Gien\",\"description\":\"Badminton Club de Gien\",\"potentialAction\":[{\"@type\":\"SearchAction\",\"target\":{\"@type\":\"EntryPoint\",\"urlTemplate\":\"https:\/\/bcg45.fr\/?s={search_term_string}\"},\"query-input\":{\"@type\":\"PropertyValueSpecification\",\"valueRequired\":true,\"valueName\":\"search_term_string\"}}],\"inLanguage\":\"fr-FR\"}]}<\/script>\n<!-- \/ Yoast SEO plugin. -->","yoast_head_json":{"title":"Club - Badminton Club de Gien","robots":{"index":"noindex","follow":"follow"},"og_locale":"fr_FR","og_type":"article","og_title":"Club - Badminton Club de Gien","og_description":"Notre histoire&nbsp;: Le badminton club de Gien a pour origine le badminton club de Nevoy il \u00e9tait une des sections de l\u2019association Nevoy loisirs. Cette association regroupait tous types d\u2019activit\u00e9s [&hellip;]","og_url":"https:\/\/bcg45.fr\/index.php\/1-presentation-club\/","og_site_name":"Badminton Club de Gien","article_modified_time":"2022-11-03T15:55:45+00:00","og_image":[{"url":"https:\/\/bcg45.fr\/wp-content\/uploads\/2022\/04\/EFB_3Etoiles.png","type":"","width":"","height":""}],"twitter_card":"summary_large_image","twitter_misc":{"Dur\u00e9e de lecture estim\u00e9e":"3 minutes"},"schema":{"@context":"https:\/\/schema.org","@graph":[{"@type":"WebPage","@id":"https:\/\/bcg45.fr\/index.php\/1-presentation-club\/","url":"https:\/\/bcg45.fr\/index.php\/1-presentation-club\/","name":"Club - Badminton Club de Gien","isPartOf":{"@id":"https:\/\/bcg45.fr\/#website"},"primaryImageOfPage":{"@id":"https:\/\/bcg45.fr\/index.php\/1-presentation-club\/#primaryimage"},"image":{"@id":"https:\/\/bcg45.fr\/index.php\/1-presentation-club\/#primaryimage"},"thumbnailUrl":"https:\/\/bcg45.fr\/wp-content\/uploads\/2022\/04\/EFB_3Etoiles.png","datePublished":"2022-05-23T15:33:45+00:00","dateModified":"2022-11-03T15:55:45+00:00","breadcrumb":{"@id":"https:\/\/bcg45.fr\/index.php\/1-presentation-club\/#breadcrumb"},"inLanguage":"fr-FR","potentialAction":[{"@type":"ReadAction","target":["https:\/\/bcg45.fr\/index.php\/1-presentation-club\/"]}]},{"@type":"ImageObject","inLanguage":"fr-FR","@id":"https:\/\/bcg45.fr\/index.php\/1-presentation-club\/#primaryimage","url":"https:\/\/bcg45.fr\/wp-content\/uploads\/2022\/04\/EFB_3Etoiles.png","contentUrl":"https:\/\/bcg45.fr\/wp-content\/uploads\/2022\/04\/EFB_3Etoiles.png","width":150,"height":200},{"@type":"BreadcrumbList","@id":"https:\/\/bcg45.fr\/index.php\/1-presentation-club\/#breadcrumb","itemListElement":[{"@type":"ListItem","position":1,"name":"Accueil","item":"https:\/\/bcg45.fr\/"},{"@type":"ListItem","position":2,"name":"Club"}]},{"@type":"WebSite","@id":"https:\/\/bcg45.fr\/#website","url":"https:\/\/bcg45.fr\/","name":"Badminton Club de Gien","description":"Badminton Club de Gien","potentialAction":[{"@type":"SearchAction","target":{"@type":"EntryPoint","urlTemplate":"https:\/\/bcg45.fr\/?s={search_term_string}"},"query-input":{"@type":"PropertyValueSpecification","valueRequired":true,"valueName":"search_term_string"}}],"inLanguage":"fr-FR"}]}},"jetpack_sharing_enabled":true,"jetpack_shortlink":"https:\/\/wp.me\/P74KfZ-Xx","_links":{"self":[{"href":"https:\/\/bcg45.fr\/index.php\/wp-json\/wp\/v2\/pages\/3691","targetHints":{"allow":["GET"]}}],"collection":[{"href":"https:\/\/bcg45.fr\/index.php\/wp-json\/wp\/v2\/pages"}],"about":[{"href":"https:\/\/bcg45.fr\/index.php\/wp-json\/wp\/v2\/types\/page"}],"author":[{"embeddable":true,"href":"https:\/\/bcg45.fr\/index.php\/wp-json\/wp\/v2\/users\/20"}],"replies":[{"embeddable":true,"href":"https:\/\/bcg45.fr\/index.php\/wp-json\/wp\/v2\/comments?post=3691"}],"version-history":[{"count":6,"href":"https:\/\/bcg45.fr\/index.php\/wp-json\/wp\/v2\/pages\/3691\/revisions"}],"predecessor-version":[{"id":4072,"href":"https:\/\/bcg45.fr\/index.php\/wp-json\/wp\/v2\/pages\/3691\/revisions\/4072"}],"wp:attachment":[{"href":"https:\/\/bcg45.fr\/index.php\/wp-json\/wp\/v2\/media?parent=3691"}],"curies":[{"name":"wp","href":"https:\/\/api.w.org\/{rel}","templated":true}]}}