{"id":3870,"date":"2022-05-24T09:54:55","date_gmt":"2022-05-24T08:54:55","guid":{"rendered":"https:\/\/bcg45.fr\/?page_id=3870"},"modified":"2024-03-18T18:35:11","modified_gmt":"2024-03-18T17:35:11","slug":"1-boutique","status":"publish","type":"page","link":"https:\/\/bcg45.fr\/index.php\/1-boutique\/","title":{"rendered":"TeeShirts &#038; Polos"},"content":{"rendered":"\n<p><\/p>\n\n\n\n<figure class=\"wp-block-image size-large is-resized\"><a href=\"https:\/\/bcg45.fr\/wp-content\/uploads\/2022\/03\/image-1.png\"><img loading=\"lazy\" decoding=\"async\" width=\"1024\" height=\"320\" src=\"https:\/\/bcg45.fr\/wp-content\/uploads\/2022\/03\/image-1-1024x320.png\" alt=\"\" class=\"wp-image-3592\" style=\"width:840px;height:262px\" srcset=\"https:\/\/bcg45.fr\/wp-content\/uploads\/2022\/03\/image-1-1024x320.png 1024w, https:\/\/bcg45.fr\/wp-content\/uploads\/2022\/03\/image-1-300x94.png 300w, https:\/\/bcg45.fr\/wp-content\/uploads\/2022\/03\/image-1-768x240.png 768w, https:\/\/bcg45.fr\/wp-content\/uploads\/2022\/03\/image-1-1536x479.png 1536w, https:\/\/bcg45.fr\/wp-content\/uploads\/2022\/03\/image-1.png 1910w\" sizes=\"auto, (max-width: 1024px) 100vw, 1024px\" \/><\/a><\/figure>\n\n\n\n<p class=\"has-text-align-center\"><strong><span class=\"has-inline-color has-vivid-red-color\"> TEE-SHIRTS<\/span><\/strong> <strong>&amp; <span class=\"has-inline-color has-vivid-cyan-blue-color\">POLOS<\/span><\/strong><\/p>\n\n\n\n<figure class=\"wp-block-image size-large\"><a href=\"https:\/\/bcg45.fr\/wp-content\/uploads\/2022\/03\/image-2.png\"><img loading=\"lazy\" decoding=\"async\" width=\"1024\" height=\"326\" src=\"https:\/\/bcg45.fr\/wp-content\/uploads\/2022\/03\/image-2-1024x326.png\" alt=\"\" class=\"wp-image-3593\" srcset=\"https:\/\/bcg45.fr\/wp-content\/uploads\/2022\/03\/image-2-1024x326.png 1024w, https:\/\/bcg45.fr\/wp-content\/uploads\/2022\/03\/image-2-300x96.png 300w, https:\/\/bcg45.fr\/wp-content\/uploads\/2022\/03\/image-2-768x245.png 768w, https:\/\/bcg45.fr\/wp-content\/uploads\/2022\/03\/image-2-1536x490.png 1536w, https:\/\/bcg45.fr\/wp-content\/uploads\/2022\/03\/image-2.png 1914w\" sizes=\"auto, (max-width: 1024px) 100vw, 1024px\" \/><\/a><\/figure>\n\n\n\n<p class=\"has-text-align-center\"><\/p>\n\n\n\n<p><\/p>\n\n\n\n<p><strong><span style=\"background-color:rgba(0, 0, 0, 0);color:#0924ab\" class=\"has-inline-color\">Si vous \u00eates int\u00e9ress\u00e9s, merci de vous adresser aux membres du bureau ou d&rsquo;envoyer un mail \u00e0 <a href=\"mailto:bcg45@bcg45.fr\">bcg45@bcg45.fr<\/a><\/span><\/strong><\/p>\n\n\n\n<p><\/p>\n\n\n\n<p><strong>Le prix du tee-shirt et du polo est de 28,90 euros l&rsquo;unit\u00e9<\/strong>.<\/p>\n\n\n\n<p><\/p>\n\n\n\n<p><em>Sportivement, Badminton Club de Gien<\/em><\/p>\n\n\n\n<p><\/p>\n","protected":false},"excerpt":{"rendered":"<p>TEE-SHIRTS &amp; POLOS Si vous \u00eates int\u00e9ress\u00e9s, merci de vous adresser aux membres du bureau ou d&rsquo;envoyer un mail \u00e0 bcg45@bcg45.fr Le prix du tee-shirt et du polo est de [&hellip;]<\/p>\n","protected":false},"author":20,"featured_media":0,"parent":0,"menu_order":0,"comment_status":"closed","ping_status":"closed","template":"","meta":{"ngg_post_thumbnail":0,"jetpack_post_was_ever_published":false,"footnotes":""},"class_list":["post-3870","page","type-page","status-publish","czr-hentry"],"yoast_head":"<!-- This site is optimized with the Yoast SEO plugin v26.6 - https:\/\/yoast.com\/wordpress\/plugins\/seo\/ -->\n<title>TeeShirts &amp; Polos - Badminton Club de Gien<\/title>\n<meta name=\"robots\" content=\"noindex, follow\" \/>\n<meta property=\"og:locale\" content=\"fr_FR\" \/>\n<meta property=\"og:type\" content=\"article\" \/>\n<meta property=\"og:title\" content=\"TeeShirts &amp; Polos - Badminton Club de Gien\" \/>\n<meta property=\"og:description\" content=\"TEE-SHIRTS &amp; POLOS Si vous \u00eates int\u00e9ress\u00e9s, merci de vous adresser aux membres du bureau ou d&rsquo;envoyer un mail \u00e0 bcg45@bcg45.fr Le prix du tee-shirt et du polo est de [&hellip;]\" \/>\n<meta property=\"og:url\" content=\"https:\/\/bcg45.fr\/index.php\/1-boutique\/\" \/>\n<meta property=\"og:site_name\" content=\"Badminton Club de Gien\" \/>\n<meta property=\"article:modified_time\" content=\"2024-03-18T17:35:11+00:00\" \/>\n<meta property=\"og:image\" content=\"https:\/\/bcg45.fr\/wp-content\/uploads\/2022\/03\/image-1-1024x320.png\" \/>\n<meta name=\"twitter:card\" content=\"summary_large_image\" \/>\n<meta name=\"twitter:label1\" content=\"Dur\u00e9e de lecture estim\u00e9e\" \/>\n\t<meta name=\"twitter:data1\" content=\"1 minute\" \/>\n<script type=\"application\/ld+json\" class=\"yoast-schema-graph\">{\"@context\":\"https:\/\/schema.org\",\"@graph\":[{\"@type\":\"WebPage\",\"@id\":\"https:\/\/bcg45.fr\/index.php\/1-boutique\/\",\"url\":\"https:\/\/bcg45.fr\/index.php\/1-boutique\/\",\"name\":\"TeeShirts & Polos - Badminton Club de Gien\",\"isPartOf\":{\"@id\":\"https:\/\/bcg45.fr\/#website\"},\"primaryImageOfPage\":{\"@id\":\"https:\/\/bcg45.fr\/index.php\/1-boutique\/#primaryimage\"},\"image\":{\"@id\":\"https:\/\/bcg45.fr\/index.php\/1-boutique\/#primaryimage\"},\"thumbnailUrl\":\"https:\/\/bcg45.fr\/wp-content\/uploads\/2022\/03\/image-1-1024x320.png\",\"datePublished\":\"2022-05-24T08:54:55+00:00\",\"dateModified\":\"2024-03-18T17:35:11+00:00\",\"breadcrumb\":{\"@id\":\"https:\/\/bcg45.fr\/index.php\/1-boutique\/#breadcrumb\"},\"inLanguage\":\"fr-FR\",\"potentialAction\":[{\"@type\":\"ReadAction\",\"target\":[\"https:\/\/bcg45.fr\/index.php\/1-boutique\/\"]}]},{\"@type\":\"ImageObject\",\"inLanguage\":\"fr-FR\",\"@id\":\"https:\/\/bcg45.fr\/index.php\/1-boutique\/#primaryimage\",\"url\":\"https:\/\/bcg45.fr\/wp-content\/uploads\/2022\/03\/image-1.png\",\"contentUrl\":\"https:\/\/bcg45.fr\/wp-content\/uploads\/2022\/03\/image-1.png\",\"width\":1910,\"height\":596},{\"@type\":\"BreadcrumbList\",\"@id\":\"https:\/\/bcg45.fr\/index.php\/1-boutique\/#breadcrumb\",\"itemListElement\":[{\"@type\":\"ListItem\",\"position\":1,\"name\":\"Accueil\",\"item\":\"https:\/\/bcg45.fr\/\"},{\"@type\":\"ListItem\",\"position\":2,\"name\":\"TeeShirts &#038; Polos\"}]},{\"@type\":\"WebSite\",\"@id\":\"https:\/\/bcg45.fr\/#website\",\"url\":\"https:\/\/bcg45.fr\/\",\"name\":\"Badminton Club de Gien\",\"description\":\"Badminton Club de Gien\",\"potentialAction\":[{\"@type\":\"SearchAction\",\"target\":{\"@type\":\"EntryPoint\",\"urlTemplate\":\"https:\/\/bcg45.fr\/?s={search_term_string}\"},\"query-input\":{\"@type\":\"PropertyValueSpecification\",\"valueRequired\":true,\"valueName\":\"search_term_string\"}}],\"inLanguage\":\"fr-FR\"}]}<\/script>\n<!-- \/ Yoast SEO plugin. -->","yoast_head_json":{"title":"TeeShirts & Polos - Badminton Club de Gien","robots":{"index":"noindex","follow":"follow"},"og_locale":"fr_FR","og_type":"article","og_title":"TeeShirts & Polos - Badminton Club de Gien","og_description":"TEE-SHIRTS &amp; POLOS Si vous \u00eates int\u00e9ress\u00e9s, merci de vous adresser aux membres du bureau ou d&rsquo;envoyer un mail \u00e0 bcg45@bcg45.fr Le prix du tee-shirt et du polo est de [&hellip;]","og_url":"https:\/\/bcg45.fr\/index.php\/1-boutique\/","og_site_name":"Badminton Club de Gien","article_modified_time":"2024-03-18T17:35:11+00:00","og_image":[{"url":"https:\/\/bcg45.fr\/wp-content\/uploads\/2022\/03\/image-1-1024x320.png","type":"","width":"","height":""}],"twitter_card":"summary_large_image","twitter_misc":{"Dur\u00e9e de lecture estim\u00e9e":"1 minute"},"schema":{"@context":"https:\/\/schema.org","@graph":[{"@type":"WebPage","@id":"https:\/\/bcg45.fr\/index.php\/1-boutique\/","url":"https:\/\/bcg45.fr\/index.php\/1-boutique\/","name":"TeeShirts & Polos - Badminton Club de Gien","isPartOf":{"@id":"https:\/\/bcg45.fr\/#website"},"primaryImageOfPage":{"@id":"https:\/\/bcg45.fr\/index.php\/1-boutique\/#primaryimage"},"image":{"@id":"https:\/\/bcg45.fr\/index.php\/1-boutique\/#primaryimage"},"thumbnailUrl":"https:\/\/bcg45.fr\/wp-content\/uploads\/2022\/03\/image-1-1024x320.png","datePublished":"2022-05-24T08:54:55+00:00","dateModified":"2024-03-18T17:35:11+00:00","breadcrumb":{"@id":"https:\/\/bcg45.fr\/index.php\/1-boutique\/#breadcrumb"},"inLanguage":"fr-FR","potentialAction":[{"@type":"ReadAction","target":["https:\/\/bcg45.fr\/index.php\/1-boutique\/"]}]},{"@type":"ImageObject","inLanguage":"fr-FR","@id":"https:\/\/bcg45.fr\/index.php\/1-boutique\/#primaryimage","url":"https:\/\/bcg45.fr\/wp-content\/uploads\/2022\/03\/image-1.png","contentUrl":"https:\/\/bcg45.fr\/wp-content\/uploads\/2022\/03\/image-1.png","width":1910,"height":596},{"@type":"BreadcrumbList","@id":"https:\/\/bcg45.fr\/index.php\/1-boutique\/#breadcrumb","itemListElement":[{"@type":"ListItem","position":1,"name":"Accueil","item":"https:\/\/bcg45.fr\/"},{"@type":"ListItem","position":2,"name":"TeeShirts &#038; Polos"}]},{"@type":"WebSite","@id":"https:\/\/bcg45.fr\/#website","url":"https:\/\/bcg45.fr\/","name":"Badminton Club de Gien","description":"Badminton Club de Gien","potentialAction":[{"@type":"SearchAction","target":{"@type":"EntryPoint","urlTemplate":"https:\/\/bcg45.fr\/?s={search_term_string}"},"query-input":{"@type":"PropertyValueSpecification","valueRequired":true,"valueName":"search_term_string"}}],"inLanguage":"fr-FR"}]}},"jetpack_sharing_enabled":true,"jetpack_shortlink":"https:\/\/wp.me\/P74KfZ-10q","_links":{"self":[{"href":"https:\/\/bcg45.fr\/index.php\/wp-json\/wp\/v2\/pages\/3870","targetHints":{"allow":["GET"]}}],"collection":[{"href":"https:\/\/bcg45.fr\/index.php\/wp-json\/wp\/v2\/pages"}],"about":[{"href":"https:\/\/bcg45.fr\/index.php\/wp-json\/wp\/v2\/types\/page"}],"author":[{"embeddable":true,"href":"https:\/\/bcg45.fr\/index.php\/wp-json\/wp\/v2\/users\/20"}],"replies":[{"embeddable":true,"href":"https:\/\/bcg45.fr\/index.php\/wp-json\/wp\/v2\/comments?post=3870"}],"version-history":[{"count":6,"href":"https:\/\/bcg45.fr\/index.php\/wp-json\/wp\/v2\/pages\/3870\/revisions"}],"predecessor-version":[{"id":4703,"href":"https:\/\/bcg45.fr\/index.php\/wp-json\/wp\/v2\/pages\/3870\/revisions\/4703"}],"wp:attachment":[{"href":"https:\/\/bcg45.fr\/index.php\/wp-json\/wp\/v2\/media?parent=3870"}],"curies":[{"name":"wp","href":"https:\/\/api.w.org\/{rel}","templated":true}]}}