{"id":4812,"date":"2024-07-16T17:15:31","date_gmt":"2024-07-16T16:15:31","guid":{"rendered":"https:\/\/bcg45.fr\/?page_id=4812"},"modified":"2024-07-16T17:29:18","modified_gmt":"2024-07-16T16:29:18","slug":"airbad","status":"publish","type":"page","link":"https:\/\/bcg45.fr\/index.php\/airbad\/","title":{"rendered":"Airbad"},"content":{"rendered":"\n<p>Le Badminton Club de Gien propose de jouer au AirBadminton toute l&rsquo;ann\u00e9e. Il y a en effet 2 terrains en libre service \u00e0 l&rsquo;adresse suivante: chemin des moulins , 45500 Gien<\/p>\n\n\n\n<figure class=\"wp-block-image size-full\"><a href=\"https:\/\/bcg45.fr\/wp-content\/uploads\/2024\/07\/image.png\"><img loading=\"lazy\" decoding=\"async\" width=\"936\" height=\"532\" src=\"https:\/\/bcg45.fr\/wp-content\/uploads\/2024\/07\/image.png\" alt=\"\" class=\"wp-image-4813\" srcset=\"https:\/\/bcg45.fr\/wp-content\/uploads\/2024\/07\/image.png 936w, https:\/\/bcg45.fr\/wp-content\/uploads\/2024\/07\/image-300x171.png 300w, https:\/\/bcg45.fr\/wp-content\/uploads\/2024\/07\/image-768x437.png 768w\" sizes=\"auto, (max-width: 936px) 100vw, 936px\" \/><\/a><\/figure>\n\n\n\n<p>La proc\u00e9dure d&rsquo;acc\u00e8s est la suivante:<\/p>\n\n\n\n<ul class=\"wp-block-list\">\n<li>Sur demande<\/li>\n\n\n\n<li>Gratuit poru les membres du BCG<\/li>\n\n\n\n<li>7\u20ac pour les ext\u00e9rieurs<\/li>\n\n\n\n<li>cr\u00e9er un compte sur <a href=\"https:\/\/www.7smash.fr\">https:\/\/www.7smash.fr<\/a><\/li>\n\n\n\n<li>Pour les membres du club, envoyer le compte cr\u00e9\u00e9 \u00e0 bcg45@bcg45.fr, afin que l&rsquo;administrateur du site puisse vous identifier en tant que membre<\/li>\n\n\n\n<li>Ensuite, il n&rsquo;y a plus qu&rsquo;a r\u00e9server. Un code sera envoyer par mail et SMS 30 minutes avant le d\u00e9but de la r\u00e9servation.<\/li>\n<\/ul>\n\n\n\n<figure class=\"wp-block-image size-full\"><a href=\"https:\/\/bcg45.fr\/wp-content\/uploads\/2024\/07\/image-1.png\"><img loading=\"lazy\" decoding=\"async\" width=\"844\" height=\"858\" src=\"https:\/\/bcg45.fr\/wp-content\/uploads\/2024\/07\/image-1.png\" alt=\"\" class=\"wp-image-4814\" srcset=\"https:\/\/bcg45.fr\/wp-content\/uploads\/2024\/07\/image-1.png 844w, https:\/\/bcg45.fr\/wp-content\/uploads\/2024\/07\/image-1-295x300.png 295w, https:\/\/bcg45.fr\/wp-content\/uploads\/2024\/07\/image-1-768x781.png 768w\" sizes=\"auto, (max-width: 844px) 100vw, 844px\" \/><\/a><\/figure>\n\n\n\n<figure class=\"wp-block-image size-full\"><a href=\"https:\/\/bcg45.fr\/wp-content\/uploads\/2024\/07\/image-2.png\"><img loading=\"lazy\" decoding=\"async\" width=\"936\" height=\"852\" src=\"https:\/\/bcg45.fr\/wp-content\/uploads\/2024\/07\/image-2.png\" alt=\"\" class=\"wp-image-4815\" srcset=\"https:\/\/bcg45.fr\/wp-content\/uploads\/2024\/07\/image-2.png 936w, https:\/\/bcg45.fr\/wp-content\/uploads\/2024\/07\/image-2-300x273.png 300w, https:\/\/bcg45.fr\/wp-content\/uploads\/2024\/07\/image-2-768x699.png 768w\" sizes=\"auto, (max-width: 936px) 100vw, 936px\" \/><\/a><\/figure>\n","protected":false},"excerpt":{"rendered":"<p>Le Badminton Club de Gien propose de jouer au AirBadminton toute l&rsquo;ann\u00e9e. Il y a en effet 2 terrains en libre service \u00e0 l&rsquo;adresse suivante: chemin des moulins , 45500 [&hellip;]<\/p>\n","protected":false},"author":22,"featured_media":0,"parent":0,"menu_order":0,"comment_status":"closed","ping_status":"closed","template":"","meta":{"ngg_post_thumbnail":0,"jetpack_post_was_ever_published":false,"footnotes":""},"class_list":["post-4812","page","type-page","status-publish","czr-hentry"],"yoast_head":"<!-- This site is optimized with the Yoast SEO plugin v26.6 - https:\/\/yoast.com\/wordpress\/plugins\/seo\/ -->\n<title>Airbad - Badminton Club de Gien<\/title>\n<meta name=\"robots\" content=\"noindex, follow\" \/>\n<meta property=\"og:locale\" content=\"fr_FR\" \/>\n<meta property=\"og:type\" content=\"article\" \/>\n<meta property=\"og:title\" content=\"Airbad - Badminton Club de Gien\" \/>\n<meta property=\"og:description\" content=\"Le Badminton Club de Gien propose de jouer au AirBadminton toute l&rsquo;ann\u00e9e. Il y a en effet 2 terrains en libre service \u00e0 l&rsquo;adresse suivante: chemin des moulins , 45500 [&hellip;]\" \/>\n<meta property=\"og:url\" content=\"https:\/\/bcg45.fr\/index.php\/airbad\/\" \/>\n<meta property=\"og:site_name\" content=\"Badminton Club de Gien\" \/>\n<meta property=\"article:modified_time\" content=\"2024-07-16T16:29:18+00:00\" \/>\n<meta property=\"og:image\" content=\"https:\/\/bcg45.fr\/wp-content\/uploads\/2024\/07\/image.png\" \/>\n<meta name=\"twitter:card\" content=\"summary_large_image\" \/>\n<meta name=\"twitter:label1\" content=\"Dur\u00e9e de lecture estim\u00e9e\" \/>\n\t<meta name=\"twitter:data1\" content=\"2 minutes\" \/>\n<script type=\"application\/ld+json\" class=\"yoast-schema-graph\">{\"@context\":\"https:\/\/schema.org\",\"@graph\":[{\"@type\":\"WebPage\",\"@id\":\"https:\/\/bcg45.fr\/index.php\/airbad\/\",\"url\":\"https:\/\/bcg45.fr\/index.php\/airbad\/\",\"name\":\"Airbad - Badminton Club de Gien\",\"isPartOf\":{\"@id\":\"https:\/\/bcg45.fr\/#website\"},\"primaryImageOfPage\":{\"@id\":\"https:\/\/bcg45.fr\/index.php\/airbad\/#primaryimage\"},\"image\":{\"@id\":\"https:\/\/bcg45.fr\/index.php\/airbad\/#primaryimage\"},\"thumbnailUrl\":\"https:\/\/bcg45.fr\/wp-content\/uploads\/2024\/07\/image.png\",\"datePublished\":\"2024-07-16T16:15:31+00:00\",\"dateModified\":\"2024-07-16T16:29:18+00:00\",\"breadcrumb\":{\"@id\":\"https:\/\/bcg45.fr\/index.php\/airbad\/#breadcrumb\"},\"inLanguage\":\"fr-FR\",\"potentialAction\":[{\"@type\":\"ReadAction\",\"target\":[\"https:\/\/bcg45.fr\/index.php\/airbad\/\"]}]},{\"@type\":\"ImageObject\",\"inLanguage\":\"fr-FR\",\"@id\":\"https:\/\/bcg45.fr\/index.php\/airbad\/#primaryimage\",\"url\":\"https:\/\/bcg45.fr\/wp-content\/uploads\/2024\/07\/image.png\",\"contentUrl\":\"https:\/\/bcg45.fr\/wp-content\/uploads\/2024\/07\/image.png\",\"width\":936,\"height\":532},{\"@type\":\"BreadcrumbList\",\"@id\":\"https:\/\/bcg45.fr\/index.php\/airbad\/#breadcrumb\",\"itemListElement\":[{\"@type\":\"ListItem\",\"position\":1,\"name\":\"Accueil\",\"item\":\"https:\/\/bcg45.fr\/\"},{\"@type\":\"ListItem\",\"position\":2,\"name\":\"Airbad\"}]},{\"@type\":\"WebSite\",\"@id\":\"https:\/\/bcg45.fr\/#website\",\"url\":\"https:\/\/bcg45.fr\/\",\"name\":\"Badminton Club de Gien\",\"description\":\"Badminton Club de Gien\",\"potentialAction\":[{\"@type\":\"SearchAction\",\"target\":{\"@type\":\"EntryPoint\",\"urlTemplate\":\"https:\/\/bcg45.fr\/?s={search_term_string}\"},\"query-input\":{\"@type\":\"PropertyValueSpecification\",\"valueRequired\":true,\"valueName\":\"search_term_string\"}}],\"inLanguage\":\"fr-FR\"}]}<\/script>\n<!-- \/ Yoast SEO plugin. -->","yoast_head_json":{"title":"Airbad - Badminton Club de Gien","robots":{"index":"noindex","follow":"follow"},"og_locale":"fr_FR","og_type":"article","og_title":"Airbad - Badminton Club de Gien","og_description":"Le Badminton Club de Gien propose de jouer au AirBadminton toute l&rsquo;ann\u00e9e. Il y a en effet 2 terrains en libre service \u00e0 l&rsquo;adresse suivante: chemin des moulins , 45500 [&hellip;]","og_url":"https:\/\/bcg45.fr\/index.php\/airbad\/","og_site_name":"Badminton Club de Gien","article_modified_time":"2024-07-16T16:29:18+00:00","og_image":[{"url":"https:\/\/bcg45.fr\/wp-content\/uploads\/2024\/07\/image.png","type":"","width":"","height":""}],"twitter_card":"summary_large_image","twitter_misc":{"Dur\u00e9e de lecture estim\u00e9e":"2 minutes"},"schema":{"@context":"https:\/\/schema.org","@graph":[{"@type":"WebPage","@id":"https:\/\/bcg45.fr\/index.php\/airbad\/","url":"https:\/\/bcg45.fr\/index.php\/airbad\/","name":"Airbad - Badminton Club de Gien","isPartOf":{"@id":"https:\/\/bcg45.fr\/#website"},"primaryImageOfPage":{"@id":"https:\/\/bcg45.fr\/index.php\/airbad\/#primaryimage"},"image":{"@id":"https:\/\/bcg45.fr\/index.php\/airbad\/#primaryimage"},"thumbnailUrl":"https:\/\/bcg45.fr\/wp-content\/uploads\/2024\/07\/image.png","datePublished":"2024-07-16T16:15:31+00:00","dateModified":"2024-07-16T16:29:18+00:00","breadcrumb":{"@id":"https:\/\/bcg45.fr\/index.php\/airbad\/#breadcrumb"},"inLanguage":"fr-FR","potentialAction":[{"@type":"ReadAction","target":["https:\/\/bcg45.fr\/index.php\/airbad\/"]}]},{"@type":"ImageObject","inLanguage":"fr-FR","@id":"https:\/\/bcg45.fr\/index.php\/airbad\/#primaryimage","url":"https:\/\/bcg45.fr\/wp-content\/uploads\/2024\/07\/image.png","contentUrl":"https:\/\/bcg45.fr\/wp-content\/uploads\/2024\/07\/image.png","width":936,"height":532},{"@type":"BreadcrumbList","@id":"https:\/\/bcg45.fr\/index.php\/airbad\/#breadcrumb","itemListElement":[{"@type":"ListItem","position":1,"name":"Accueil","item":"https:\/\/bcg45.fr\/"},{"@type":"ListItem","position":2,"name":"Airbad"}]},{"@type":"WebSite","@id":"https:\/\/bcg45.fr\/#website","url":"https:\/\/bcg45.fr\/","name":"Badminton Club de Gien","description":"Badminton Club de Gien","potentialAction":[{"@type":"SearchAction","target":{"@type":"EntryPoint","urlTemplate":"https:\/\/bcg45.fr\/?s={search_term_string}"},"query-input":{"@type":"PropertyValueSpecification","valueRequired":true,"valueName":"search_term_string"}}],"inLanguage":"fr-FR"}]}},"jetpack_sharing_enabled":true,"jetpack_shortlink":"https:\/\/wp.me\/P74KfZ-1fC","_links":{"self":[{"href":"https:\/\/bcg45.fr\/index.php\/wp-json\/wp\/v2\/pages\/4812","targetHints":{"allow":["GET"]}}],"collection":[{"href":"https:\/\/bcg45.fr\/index.php\/wp-json\/wp\/v2\/pages"}],"about":[{"href":"https:\/\/bcg45.fr\/index.php\/wp-json\/wp\/v2\/types\/page"}],"author":[{"embeddable":true,"href":"https:\/\/bcg45.fr\/index.php\/wp-json\/wp\/v2\/users\/22"}],"replies":[{"embeddable":true,"href":"https:\/\/bcg45.fr\/index.php\/wp-json\/wp\/v2\/comments?post=4812"}],"version-history":[{"count":2,"href":"https:\/\/bcg45.fr\/index.php\/wp-json\/wp\/v2\/pages\/4812\/revisions"}],"predecessor-version":[{"id":4819,"href":"https:\/\/bcg45.fr\/index.php\/wp-json\/wp\/v2\/pages\/4812\/revisions\/4819"}],"wp:attachment":[{"href":"https:\/\/bcg45.fr\/index.php\/wp-json\/wp\/v2\/media?parent=4812"}],"curies":[{"name":"wp","href":"https:\/\/api.w.org\/{rel}","templated":true}]}}