{"id":4945,"date":"2024-10-21T12:12:56","date_gmt":"2024-10-21T11:12:56","guid":{"rendered":"https:\/\/bcg45.fr\/?page_id=4945"},"modified":"2024-12-28T14:55:18","modified_gmt":"2024-12-28T13:55:18","slug":"championnats-de-france-parabadminton-2025","status":"publish","type":"page","link":"https:\/\/bcg45.fr\/index.php\/championnats-de-france-parabadminton-2025\/","title":{"rendered":"Championnats de France Para-Badminton 2025"},"content":{"rendered":"\n<h2 class=\"wp-block-heading has-text-align-center has-x-large-font-size\"><strong>CHARLES NOAKES COMP\u00c9TITEUR ET PARRAIN ! <\/strong><\/h2>\n\n\n\n<p><\/p>\n\n\n\n<figure class=\"wp-block-gallery has-nested-images columns-default is-cropped wp-block-gallery-1 is-layout-flex wp-block-gallery-is-layout-flex\">\n<figure class=\"wp-block-image size-large\"><a href=\"https:\/\/bcg45.fr\/wp-content\/uploads\/2024\/11\/60a0ba_87d990a54d7c4549a12a2b26a688ffa3mv2-2.webp\"><img loading=\"lazy\" decoding=\"async\" width=\"1000\" height=\"705\" data-id=\"4989\" src=\"https:\/\/bcg45.fr\/wp-content\/uploads\/2024\/11\/60a0ba_87d990a54d7c4549a12a2b26a688ffa3mv2-2.webp\" alt=\"\" class=\"wp-image-4989\" srcset=\"https:\/\/bcg45.fr\/wp-content\/uploads\/2024\/11\/60a0ba_87d990a54d7c4549a12a2b26a688ffa3mv2-2.webp 1000w, https:\/\/bcg45.fr\/wp-content\/uploads\/2024\/11\/60a0ba_87d990a54d7c4549a12a2b26a688ffa3mv2-2-300x212.webp 300w, https:\/\/bcg45.fr\/wp-content\/uploads\/2024\/11\/60a0ba_87d990a54d7c4549a12a2b26a688ffa3mv2-2-768x541.webp 768w\" sizes=\"auto, (max-width: 1000px) 100vw, 1000px\" \/><\/a><\/figure>\n\n\n\n<figure class=\"wp-block-image size-large\"><a href=\"https:\/\/bcg45.fr\/wp-content\/uploads\/2024\/11\/b_20240902_2257_ParalympicGames2024_BPAS1527-1.jpg\"><img loading=\"lazy\" decoding=\"async\" width=\"1000\" height=\"667\" data-id=\"4991\" src=\"https:\/\/bcg45.fr\/wp-content\/uploads\/2024\/11\/b_20240902_2257_ParalympicGames2024_BPAS1527-1.jpg\" alt=\"\" class=\"wp-image-4991\" srcset=\"https:\/\/bcg45.fr\/wp-content\/uploads\/2024\/11\/b_20240902_2257_ParalympicGames2024_BPAS1527-1.jpg 1000w, https:\/\/bcg45.fr\/wp-content\/uploads\/2024\/11\/b_20240902_2257_ParalympicGames2024_BPAS1527-1-300x200.jpg 300w, https:\/\/bcg45.fr\/wp-content\/uploads\/2024\/11\/b_20240902_2257_ParalympicGames2024_BPAS1527-1-768x512.jpg 768w\" sizes=\"auto, (max-width: 1000px) 100vw, 1000px\" \/><\/a><\/figure>\n\n\n\n<figure class=\"wp-block-image size-large\"><a href=\"https:\/\/bcg45.fr\/wp-content\/uploads\/2024\/11\/b_20240902_2329_ParalympicGames2024_BPLN1153-2.jpg\"><img loading=\"lazy\" decoding=\"async\" width=\"800\" height=\"1000\" data-id=\"4990\" src=\"https:\/\/bcg45.fr\/wp-content\/uploads\/2024\/11\/b_20240902_2329_ParalympicGames2024_BPLN1153-2.jpg\" alt=\"\" class=\"wp-image-4990\" srcset=\"https:\/\/bcg45.fr\/wp-content\/uploads\/2024\/11\/b_20240902_2329_ParalympicGames2024_BPLN1153-2.jpg 800w, https:\/\/bcg45.fr\/wp-content\/uploads\/2024\/11\/b_20240902_2329_ParalympicGames2024_BPLN1153-2-240x300.jpg 240w, https:\/\/bcg45.fr\/wp-content\/uploads\/2024\/11\/b_20240902_2329_ParalympicGames2024_BPLN1153-2-768x960.jpg 768w\" sizes=\"auto, (max-width: 800px) 100vw, 800px\" \/><\/a><\/figure>\n<\/figure>\n\n\n\n<p>Le <strong>Badminton Club de Gien<\/strong> est tr\u00e8s heureux d&rsquo;\u00eatre l&rsquo;organisateur des <strong>Championnats de France de Para-Badminton<\/strong> qui se d\u00e9rouleront \u00e0 la salle Cuiry de Gien (45500) les 10-11-12 janvier 2025. \u00c9v\u00e8nement majeur du Para-Badminton en France, les Championnats de France r\u00e9unissent les meilleurs joueurs fran\u00e7ais en situation de handicap sur 3 jours de comp\u00e9tition. Ces Championnats, 12\u00e8me \u00e9dition, permettent aux athl\u00e8tes de pr\u00e9parer leurs prochains rendez-vous internationaux.<\/p>\n\n\n\n<p>Nous aurons parmi les comp\u00e9titeurs, 3 athl\u00e8tes ayant particip\u00e9 aux <strong>Jeux Paralympiques de Paris 2024<\/strong> dont <strong>Charles Noakes<\/strong>, <strong>Champion Paralympique 2024<\/strong>.<\/p>\n\n\n\n<p><strong>Charles Noakes<\/strong> est l&rsquo;une des r\u00e9v\u00e9lations fran\u00e7aises des Jeux Paralympiques, Nantais de 27 ans, dipl\u00f4m\u00e9 d&rsquo;un Bachelor Sport Event &amp; Management, passionn\u00e9 de sport depuis son plus jeune \u00e2ge, ayant pratiqu\u00e9 de nombreux sports comme le football, le tennis, le tennis de table, la natation, le golf et le judo, il a d\u00e9couvert le badminton au coll\u00e8ge. Charles a rapidement \u00e9t\u00e9 remarqu\u00e9 pour ses capacit\u00e9s et a fait une rencontre qui allait changer sa vie. En effet, son ancien entra\u00eeneur, Philippe Mol\u00e9, avait remarqu\u00e9 son handicap par rapport \u00e0 sa taille et lui a alors propos\u00e9 d&rsquo;essayer le Para-Badminton, et c&rsquo;est ainsi que Charles a int\u00e9gr\u00e9 cette cat\u00e9gorie.<\/p>\n\n\n\n<p>Des d\u00e9buts prometteurs en 2018, depuis Charles n\u2019a cess\u00e9 de progresser remportant de nombreuses m\u00e9dailles dans les plus grandes comp\u00e9titions internationales.&nbsp;Class\u00e9&nbsp;<strong>deuxi\u00e8me mondial en simple<\/strong>&nbsp;et&nbsp;<strong>premier europ\u00e9en de sa cat\u00e9gorie<\/strong>, la cat\u00e9gorie SH6 destin\u00e9e aux joueurs de petite taille, Charles avait valid\u00e9 sa qualification paralympique en f\u00e9vrier dernier gr\u00e2ce \u00e0 une premi\u00e8re m\u00e9daille mondiale de Bronze en simple.<\/p>\n\n\n\n<p>Alors qu\u2019il s\u2019agissait de ses premiers Jeux Paralympiques, le para-badiste \u00e0 v\u00e9cu des Jeux idylliques&nbsp;: 5 matches, aucun set de perdu montrant ainsi le fruit de longs mois de travail. Le 2 septembre 2024, Charles Noakes devient, pour sa&nbsp;<strong>premi\u00e8re participation aux Jeux Paralympiques, Champion Paralympique<\/strong>&nbsp;face au Britannique Krysten Coombs.<\/p>\n\n\n\n<ul class=\"wp-block-list\">\n<li><strong><em>2024&nbsp;: Champion Paralympique et Bronze aux Championnats du Monde<\/em><\/strong><\/li>\n\n\n\n<li><strong><em>2023&nbsp;: 3 M\u00e9dailles d\u2019Argent dont 1 aux Championnats d\u2019Europe et 5 M\u00e9dailles de Bronze<\/em><\/strong><\/li>\n\n\n\n<li><strong><em>2022&nbsp;: 5 M\u00e9dailles d\u2019Or, 2 d\u2019Argent et 4 de Bronze dont 1 aux&nbsp;&nbsp;Championnats du Monde<\/em><\/strong><\/li>\n\n\n\n<li><strong><em>2021&nbsp;: 4 M\u00e9dailles d\u2019Or dont le titre de Champion de France, 1 M\u00e9daille d\u2019Argent et 2 de Bronze<\/em><\/strong><\/li>\n\n\n\n<li><strong><em>2018-2020&nbsp;: 2 M\u00e9dailles d\u2019Or dont 1 aux Championnats de France, 3 d\u2019Argent, 3 de Bronze.<\/em><\/strong><\/li>\n<\/ul>\n\n\n\n<p>Au-del\u00e0 des terrains, Charles s\u2019engage activement pour sensibiliser au handicap. Il est notamment parrain d\u2019une \u00e9cole depuis plus de quatre ans, il intervient r\u00e9guli\u00e8rement dans des \u00e9tablissements scolaires pour partager son exp\u00e9rience et promouvoir le sport pour tous et les bienfaits sur la sant\u00e9.<\/p>\n\n\n\n<p><em>\u00ab&nbsp;Je veux montrer aux personnes de petite taille qu\u2019on peut r\u00eaver grand&nbsp;\u00bb<\/em><\/p>\n\n\n\n<p><em>\u00ab&nbsp;Je suis aujourd\u2019hui Champion Paralympique lors de mes premiers Jeux Paralympiques, \u00e0 la maison, \u00e0 Paris 2024&nbsp;\u00bb<\/em><\/p>\n\n\n\n<p class=\"has-text-align-center\"><strong>MERCI CHARLES D&rsquo;\u00caTRE NOTRE PARRAINLYMPIQUE !<\/strong><\/p>\n\n\n\n<p class=\"has-text-align-center\"><\/p>\n\n\n\n<p class=\"has-text-align-center\"><\/p>\n\n\n\n<figure class=\"wp-block-image size-large\"><a href=\"https:\/\/bcg45.fr\/wp-content\/uploads\/2024\/10\/Affiche-ParaBad2025V5Suggere.png\"><img loading=\"lazy\" decoding=\"async\" width=\"724\" height=\"1024\" src=\"https:\/\/bcg45.fr\/wp-content\/uploads\/2024\/10\/Affiche-ParaBad2025V5Suggere-724x1024.png\" alt=\"\" class=\"wp-image-5054\" srcset=\"https:\/\/bcg45.fr\/wp-content\/uploads\/2024\/10\/Affiche-ParaBad2025V5Suggere-724x1024.png 724w, https:\/\/bcg45.fr\/wp-content\/uploads\/2024\/10\/Affiche-ParaBad2025V5Suggere-212x300.png 212w, https:\/\/bcg45.fr\/wp-content\/uploads\/2024\/10\/Affiche-ParaBad2025V5Suggere-768x1086.png 768w, https:\/\/bcg45.fr\/wp-content\/uploads\/2024\/10\/Affiche-ParaBad2025V5Suggere-1086x1536.png 1086w, https:\/\/bcg45.fr\/wp-content\/uploads\/2024\/10\/Affiche-ParaBad2025V5Suggere.png 1414w\" sizes=\"auto, (max-width: 724px) 100vw, 724px\" \/><\/a><\/figure>\n\n\n\n<p>Si vous souhaitez nous rejoindre et nous aider, n&rsquo;h\u00e9sitez pas \u00e0 vous inscrire en tant que b\u00e9n\u00e9vole, vous \u00eates les bienvenus : <a href=\"https:\/\/app.qoezion.com\/fr-FR\/apply\/4d7f5511-eebf-4c23-a21c-986ce16facd2\">https:\/\/app.qoezion.com\/fr-FR\/apply\/4d7f5511-eebf-4c23-a21c-986ce16facd2<\/a><\/p>\n\n\n\n<p>Pour plus d&rsquo;informations sur les Championnats de France de Para-Badminton rendez-vous sur le site : <a href=\"https:\/\/franceparabad.ffbad.org\/\">https:\/\/franceparabad.ffbad.org\/<\/a><\/p>\n\n\n\n<p><\/p>\n\n\n\n<p><\/p>\n\n\n\n<p><\/p>\n\n\n\n<p class=\"has-text-align-center\"><strong>PLANNING PR\u00c9VISIONNEL :<\/strong><\/p>\n\n\n\n<p class=\"has-text-align-center\">6\/7\/8 janvier 2025: Montage de la salle<\/p>\n\n\n\n<p class=\"has-text-align-center\">9 janvier 2025: Journ\u00e9e de classification des comp\u00e9titeurs<\/p>\n\n\n\n<p class=\"has-text-align-center\">10 au 12 janvier 2025: Comp\u00e9tition<\/p>\n\n\n\n<p class=\"has-text-align-center\">Samedi 11 janvier 2025: Soir\u00e9e de Gala<\/p>\n\n\n\n<p class=\"has-text-align-center\"><\/p>\n","protected":false},"excerpt":{"rendered":"<p>CHARLES NOAKES COMP\u00c9TITEUR ET PARRAIN ! Le Badminton Club de Gien est tr\u00e8s heureux d&rsquo;\u00eatre l&rsquo;organisateur des Championnats de France de Para-Badminton qui se d\u00e9rouleront \u00e0 la salle Cuiry de [&hellip;]<\/p>\n","protected":false},"author":22,"featured_media":0,"parent":0,"menu_order":0,"comment_status":"closed","ping_status":"closed","template":"","meta":{"ngg_post_thumbnail":0,"jetpack_post_was_ever_published":false,"footnotes":""},"class_list":["post-4945","page","type-page","status-publish","czr-hentry"],"yoast_head":"<!-- This site is optimized with the Yoast SEO plugin v26.6 - https:\/\/yoast.com\/wordpress\/plugins\/seo\/ -->\n<title>Championnats de France Para-Badminton 2025 - Badminton Club de Gien<\/title>\n<meta name=\"robots\" content=\"noindex, follow\" \/>\n<meta property=\"og:locale\" content=\"fr_FR\" \/>\n<meta property=\"og:type\" content=\"article\" \/>\n<meta property=\"og:title\" content=\"Championnats de France Para-Badminton 2025 - Badminton Club de Gien\" \/>\n<meta property=\"og:description\" content=\"CHARLES NOAKES COMP\u00c9TITEUR ET PARRAIN ! Le Badminton Club de Gien est tr\u00e8s heureux d&rsquo;\u00eatre l&rsquo;organisateur des Championnats de France de Para-Badminton qui se d\u00e9rouleront \u00e0 la salle Cuiry de [&hellip;]\" \/>\n<meta property=\"og:url\" content=\"https:\/\/bcg45.fr\/index.php\/championnats-de-france-parabadminton-2025\/\" \/>\n<meta property=\"og:site_name\" content=\"Badminton Club de Gien\" \/>\n<meta property=\"article:modified_time\" content=\"2024-12-28T13:55:18+00:00\" \/>\n<meta property=\"og:image\" content=\"https:\/\/bcg45.fr\/wp-content\/uploads\/2024\/11\/60a0ba_87d990a54d7c4549a12a2b26a688ffa3mv2-2.webp\" \/>\n\t<meta property=\"og:image:width\" content=\"1000\" \/>\n\t<meta property=\"og:image:height\" content=\"705\" \/>\n\t<meta property=\"og:image:type\" content=\"image\/webp\" \/>\n<meta name=\"twitter:card\" content=\"summary_large_image\" \/>\n<meta name=\"twitter:label1\" content=\"Dur\u00e9e de lecture estim\u00e9e\" \/>\n\t<meta name=\"twitter:data1\" content=\"4 minutes\" \/>\n<script type=\"application\/ld+json\" class=\"yoast-schema-graph\">{\"@context\":\"https:\/\/schema.org\",\"@graph\":[{\"@type\":\"WebPage\",\"@id\":\"https:\/\/bcg45.fr\/index.php\/championnats-de-france-parabadminton-2025\/\",\"url\":\"https:\/\/bcg45.fr\/index.php\/championnats-de-france-parabadminton-2025\/\",\"name\":\"Championnats de France Para-Badminton 2025 - Badminton Club de Gien\",\"isPartOf\":{\"@id\":\"https:\/\/bcg45.fr\/#website\"},\"primaryImageOfPage\":{\"@id\":\"https:\/\/bcg45.fr\/index.php\/championnats-de-france-parabadminton-2025\/#primaryimage\"},\"image\":{\"@id\":\"https:\/\/bcg45.fr\/index.php\/championnats-de-france-parabadminton-2025\/#primaryimage\"},\"thumbnailUrl\":\"https:\/\/bcg45.fr\/wp-content\/uploads\/2024\/11\/60a0ba_87d990a54d7c4549a12a2b26a688ffa3mv2-2.webp\",\"datePublished\":\"2024-10-21T11:12:56+00:00\",\"dateModified\":\"2024-12-28T13:55:18+00:00\",\"breadcrumb\":{\"@id\":\"https:\/\/bcg45.fr\/index.php\/championnats-de-france-parabadminton-2025\/#breadcrumb\"},\"inLanguage\":\"fr-FR\",\"potentialAction\":[{\"@type\":\"ReadAction\",\"target\":[\"https:\/\/bcg45.fr\/index.php\/championnats-de-france-parabadminton-2025\/\"]}]},{\"@type\":\"ImageObject\",\"inLanguage\":\"fr-FR\",\"@id\":\"https:\/\/bcg45.fr\/index.php\/championnats-de-france-parabadminton-2025\/#primaryimage\",\"url\":\"https:\/\/bcg45.fr\/wp-content\/uploads\/2024\/11\/60a0ba_87d990a54d7c4549a12a2b26a688ffa3mv2-2.webp\",\"contentUrl\":\"https:\/\/bcg45.fr\/wp-content\/uploads\/2024\/11\/60a0ba_87d990a54d7c4549a12a2b26a688ffa3mv2-2.webp\",\"width\":1000,\"height\":705},{\"@type\":\"BreadcrumbList\",\"@id\":\"https:\/\/bcg45.fr\/index.php\/championnats-de-france-parabadminton-2025\/#breadcrumb\",\"itemListElement\":[{\"@type\":\"ListItem\",\"position\":1,\"name\":\"Accueil\",\"item\":\"https:\/\/bcg45.fr\/\"},{\"@type\":\"ListItem\",\"position\":2,\"name\":\"Championnats de France Para-Badminton 2025\"}]},{\"@type\":\"WebSite\",\"@id\":\"https:\/\/bcg45.fr\/#website\",\"url\":\"https:\/\/bcg45.fr\/\",\"name\":\"Badminton Club de Gien\",\"description\":\"Badminton Club de Gien\",\"potentialAction\":[{\"@type\":\"SearchAction\",\"target\":{\"@type\":\"EntryPoint\",\"urlTemplate\":\"https:\/\/bcg45.fr\/?s={search_term_string}\"},\"query-input\":{\"@type\":\"PropertyValueSpecification\",\"valueRequired\":true,\"valueName\":\"search_term_string\"}}],\"inLanguage\":\"fr-FR\"}]}<\/script>\n<!-- \/ Yoast SEO plugin. -->","yoast_head_json":{"title":"Championnats de France Para-Badminton 2025 - Badminton Club de Gien","robots":{"index":"noindex","follow":"follow"},"og_locale":"fr_FR","og_type":"article","og_title":"Championnats de France Para-Badminton 2025 - Badminton Club de Gien","og_description":"CHARLES NOAKES COMP\u00c9TITEUR ET PARRAIN ! Le Badminton Club de Gien est tr\u00e8s heureux d&rsquo;\u00eatre l&rsquo;organisateur des Championnats de France de Para-Badminton qui se d\u00e9rouleront \u00e0 la salle Cuiry de [&hellip;]","og_url":"https:\/\/bcg45.fr\/index.php\/championnats-de-france-parabadminton-2025\/","og_site_name":"Badminton Club de Gien","article_modified_time":"2024-12-28T13:55:18+00:00","og_image":[{"width":1000,"height":705,"url":"https:\/\/bcg45.fr\/wp-content\/uploads\/2024\/11\/60a0ba_87d990a54d7c4549a12a2b26a688ffa3mv2-2.webp","type":"image\/webp"}],"twitter_card":"summary_large_image","twitter_misc":{"Dur\u00e9e de lecture estim\u00e9e":"4 minutes"},"schema":{"@context":"https:\/\/schema.org","@graph":[{"@type":"WebPage","@id":"https:\/\/bcg45.fr\/index.php\/championnats-de-france-parabadminton-2025\/","url":"https:\/\/bcg45.fr\/index.php\/championnats-de-france-parabadminton-2025\/","name":"Championnats de France Para-Badminton 2025 - Badminton Club de Gien","isPartOf":{"@id":"https:\/\/bcg45.fr\/#website"},"primaryImageOfPage":{"@id":"https:\/\/bcg45.fr\/index.php\/championnats-de-france-parabadminton-2025\/#primaryimage"},"image":{"@id":"https:\/\/bcg45.fr\/index.php\/championnats-de-france-parabadminton-2025\/#primaryimage"},"thumbnailUrl":"https:\/\/bcg45.fr\/wp-content\/uploads\/2024\/11\/60a0ba_87d990a54d7c4549a12a2b26a688ffa3mv2-2.webp","datePublished":"2024-10-21T11:12:56+00:00","dateModified":"2024-12-28T13:55:18+00:00","breadcrumb":{"@id":"https:\/\/bcg45.fr\/index.php\/championnats-de-france-parabadminton-2025\/#breadcrumb"},"inLanguage":"fr-FR","potentialAction":[{"@type":"ReadAction","target":["https:\/\/bcg45.fr\/index.php\/championnats-de-france-parabadminton-2025\/"]}]},{"@type":"ImageObject","inLanguage":"fr-FR","@id":"https:\/\/bcg45.fr\/index.php\/championnats-de-france-parabadminton-2025\/#primaryimage","url":"https:\/\/bcg45.fr\/wp-content\/uploads\/2024\/11\/60a0ba_87d990a54d7c4549a12a2b26a688ffa3mv2-2.webp","contentUrl":"https:\/\/bcg45.fr\/wp-content\/uploads\/2024\/11\/60a0ba_87d990a54d7c4549a12a2b26a688ffa3mv2-2.webp","width":1000,"height":705},{"@type":"BreadcrumbList","@id":"https:\/\/bcg45.fr\/index.php\/championnats-de-france-parabadminton-2025\/#breadcrumb","itemListElement":[{"@type":"ListItem","position":1,"name":"Accueil","item":"https:\/\/bcg45.fr\/"},{"@type":"ListItem","position":2,"name":"Championnats de France Para-Badminton 2025"}]},{"@type":"WebSite","@id":"https:\/\/bcg45.fr\/#website","url":"https:\/\/bcg45.fr\/","name":"Badminton Club de Gien","description":"Badminton Club de Gien","potentialAction":[{"@type":"SearchAction","target":{"@type":"EntryPoint","urlTemplate":"https:\/\/bcg45.fr\/?s={search_term_string}"},"query-input":{"@type":"PropertyValueSpecification","valueRequired":true,"valueName":"search_term_string"}}],"inLanguage":"fr-FR"}]}},"jetpack_sharing_enabled":true,"jetpack_shortlink":"https:\/\/wp.me\/P74KfZ-1hL","_links":{"self":[{"href":"https:\/\/bcg45.fr\/index.php\/wp-json\/wp\/v2\/pages\/4945","targetHints":{"allow":["GET"]}}],"collection":[{"href":"https:\/\/bcg45.fr\/index.php\/wp-json\/wp\/v2\/pages"}],"about":[{"href":"https:\/\/bcg45.fr\/index.php\/wp-json\/wp\/v2\/types\/page"}],"author":[{"embeddable":true,"href":"https:\/\/bcg45.fr\/index.php\/wp-json\/wp\/v2\/users\/22"}],"replies":[{"embeddable":true,"href":"https:\/\/bcg45.fr\/index.php\/wp-json\/wp\/v2\/comments?post=4945"}],"version-history":[{"count":16,"href":"https:\/\/bcg45.fr\/index.php\/wp-json\/wp\/v2\/pages\/4945\/revisions"}],"predecessor-version":[{"id":5055,"href":"https:\/\/bcg45.fr\/index.php\/wp-json\/wp\/v2\/pages\/4945\/revisions\/5055"}],"wp:attachment":[{"href":"https:\/\/bcg45.fr\/index.php\/wp-json\/wp\/v2\/media?parent=4945"}],"curies":[{"name":"wp","href":"https:\/\/api.w.org\/{rel}","templated":true}]}}