{"id":5111,"date":"2025-08-30T21:29:31","date_gmt":"2025-08-30T20:29:31","guid":{"rendered":"https:\/\/bcg45.fr\/?page_id=5111"},"modified":"2025-08-31T18:12:51","modified_gmt":"2025-08-31T17:12:51","slug":"tarifs-et-documents-2025-2026","status":"publish","type":"page","link":"https:\/\/bcg45.fr\/index.php\/tarifs-et-documents-2025-2026\/","title":{"rendered":"Tarifs et documents 2025\/2026"},"content":{"rendered":"\n<p>Tout d&rsquo;abord, sachez que vous disposez de 3 s\u00e9ances sur 15 jours d&rsquo;essai maximum \u00e0 compter de votre premi\u00e8re s\u00e9ance.<\/p>\n\n\n\n<p>La cotisation s&rsquo;\u00e9l\u00e8ve \u00e0 &nbsp;:<\/p>\n\n\n\n<ul class=\"wp-block-list\">\n<li><strong>80 euros <\/strong>pour les minibad n\u00e9s en 2018 et apr\u00e8s.<\/li>\n\n\n\n<li><strong>100 euros <\/strong>pour les jeunes n\u00e9s entre 2010 et 2017 inclus.<\/li>\n\n\n\n<li><strong>115 euros<\/strong> pour les juniors n\u00e9s en 2008-2009.<\/li>\n\n\n\n<li><strong>115<\/strong> <strong>euros <\/strong>pour les adultes n\u00e9s en 2007 et avant, &nbsp;<\/li>\n\n\n\n<li>90 euros pour les doubles licences.<\/li>\n\n\n\n<li>40\u20ac pour les licences estivales (du 1er mai au 31 ao\u00fbt 2026)<\/li>\n<\/ul>\n\n\n\n<p>Diverses r\u00e9ductions, cumulables, peuvent \u00eatre appliqu\u00e9es :<\/p>\n\n\n\n<ul class=\"wp-block-list\">\n<li><a href=\"https:\/\/www.pass.sports.gouv.fr\/\">Pass Sport<\/a> : -50\u20ac (pour les 6-30 ans sous conditions) <\/li>\n\n\n\n<li><a href=\"https:\/\/www.caf45-partenaires.fr\/pass-loisirs\/\">Pass Loisirs<\/a> : -80\u20ac maximum (CAF sous conditions) <\/li>\n\n\n\n<li>Adh\u00e9sion \u00e0 partir du 01\/01\/2026 : -20\u20ac<\/li>\n\n\n\n<li>Pratique familiale : -10\u20ac par adh\u00e9rent suppl\u00e9mentaire d&rsquo;une m\u00eame famille.<\/li>\n<\/ul>\n\n\n\n<p>1\/ Pour les anciens adh\u00e9rents, il faut pr\u00e9f\u00e9rentiellement passer par myffbad puis cliquer sur Mon compte &gt; Renouveler ma licence.&nbsp; &nbsp;<a href=\"https:\/\/www.myffbad.fr\">https:\/\/www.myffbad.fr<\/a>. Pour les changements de club, il faut chercher le nouveau club sur le site myffbad puis cliquer sur \u00ab\u00a0m&rsquo;inscrire dans ce club\u00a0\u00bb. <\/p>\n\n\n\n<p>2\/ Pour les nouveaux adh\u00e9rents, vous pouvez adh\u00e9rer au club en allant sur <a href=\"https:\/\/www.myffbad.fr\">myffbad.fr<\/a>. Il faut ensuite aller dans la barre de recherche puis taper \u00ab\u00a0badminton club de gien\u00a0\u00bb, cliquer sur le club et enfin cliquer sur \u00ab\u00a0adh\u00e9rer et prendre ma licence dans ce club\u00a0\u00bb. Vous pouvez sinon r\u00e9cup\u00e9rer les documents aupr\u00e8s du responsable du cr\u00e9neau lors des diff\u00e9rents entra\u00eenements ou en les t\u00e9l\u00e9chargeant sur ce site internet (Voir ci-dessous).<\/p>\n\n\n\n<p>3\/ Concernant la communication, la majorit\u00e9 des \u00e9changes pour les jeunes se fait via l&rsquo;application discord. <br>Lien de t\u00e9l\u00e9chargement pour l&rsquo;application discord : <a href=\"https:\/\/discord.com\/download\">https:\/\/discord.com\/download<\/a><br>Lien vers le serveur du BCG sur discord : <a href=\"https:\/\/discord.gg\/RhrxFFzhh8\" target=\"_blank\" rel=\"noreferrer noopener\">https:\/\/discord.gg\/RhrxFFzhh8<\/a><\/p>\n\n\n\n<hr class=\"wp-block-separator has-css-opacity\"\/>\n\n\n\n<h4 class=\"wp-block-heading\"><strong>Pi\u00e8ces \u00e0 fournir :&nbsp;<\/strong><\/h4>\n\n\n\n<ul class=\"wp-block-list\">\n<li><strong>La fiche d\u2019inscription<\/strong> compl\u00e9t\u00e9e lisiblement avec une photo d&rsquo;identit\u00e9 :<a href=\"https:\/\/bcg45.fr\/wp-content\/uploads\/2021\/08\/Reglement-BCG-2021.2022.pdf\"><\/a><a href=\"https:\/\/bcg45.fr\/wp-content\/uploads\/2025\/08\/Fiche-d-inscription-BCG-2025.2026.pdf\">Fiche inscription BCG 2025\/2056<\/a><\/li>\n\n\n\n<li><strong>le formulaire de demande de licence FFBaD<\/strong>. Cette feuille \u00ab\u00a02\u00a0\u00bb doit \u00eatre remplie et sign\u00e9e.\n<ul class=\"wp-block-list\">\n<li>Adultes : <a href=\"https:\/\/bcg45.fr\/wp-content\/uploads\/2025\/08\/FFBaD_FORMULAIRE_SAISON_2025-2026_ADULTE_ok.pdf\">FFBaD_form_adulte<\/a><\/li>\n\n\n\n<li>Mineurs: <a href=\"https:\/\/bcg45.fr\/wp-content\/uploads\/2025\/08\/FFBaD_FORMULAIRE_SAISON_2025-2026_MINEUR_ok.pdf\">FFBaD_form_Mineur<\/a><\/li>\n<\/ul>\n<\/li>\n\n\n\n<li><strong>Un ch\u00e8que de cotisation<\/strong> \u00e0 l\u2019ordre du \u00ab\u00a0BADMINTON CLUB DE GIEN\u00a0\u00bb<\/li>\n\n\n\n<li><strong>Le document \u00ab\u00a0Questionnaire de sant\u00e9 + Attestation\u00a0\u00bb compl\u00e9t\u00e9 et sign\u00e9<\/strong>. Le certificat m\u00e9dical <strong><a href=\"https:\/\/bcg45.fr\/wp-content\/uploads\/2024\/07\/GUI02.01F01_PSO_CertificatDeNonContre-Indication_Form.pdf\">FFBAD_CertificatMedical<\/a> <\/strong>est obligatoire<strong> <\/strong>si vous avez r\u00e9pondu oui \u00e0 au moins 1 des questions. \n<ul class=\"wp-block-list\">\n<li>Adultes : <a href=\"https:\/\/bcg45.fr\/wp-content\/uploads\/2024\/07\/FFBaD_-_ADULTES_QUESTIONNAIRE_SANTE.pdf\">Questionnaire + attestation adulte<\/a><\/li>\n\n\n\n<li>Mineurs: <a href=\"https:\/\/bcg45.fr\/wp-content\/uploads\/2024\/07\/FFBaD_-_MINEURS_QUESTIONNAIRE_SANTE.pdf\">Questionnaire + attestation mineur<\/a><\/li>\n<\/ul>\n<\/li>\n<\/ul>\n\n\n\n<p>Quelques liens importants notamment si vous souhaitez vous impliquer dans la vie du club :<\/p>\n\n\n\n<ul class=\"wp-block-list\">\n<li>Et n&rsquo;oubliez pas de compl\u00e9ter le formulaire joint :<a href=\"https:\/\/bcg45.fr\/wp-content\/uploads\/2016\/07\/La-rentree-sportive-arrive.pdf\">La rentr\u00e9e sportive arrive<\/a><\/li>\n\n\n\n<li>Le r\u00e8glement int\u00e9rieur \u00e0 consulter :<a href=\"https:\/\/bcg45.fr\/wp-content\/uploads\/2025\/08\/Reglement_BCG_2025_2026.pdf\">R\u00e8glement BCG 2025\/2026<\/a><\/li>\n<\/ul>\n\n\n\n<p>Pour les personnes qui rencontreraient des difficult\u00e9s de connexion ou de saisie, n&rsquo;h\u00e9sitez pas \u00e0 utiliser la bo\u00eete mail du club <strong>secretariatbcg@bcg45.fr<\/strong>, nous restons disponibles pour vous aider.<\/p>\n\n\n\n<p><\/p>\n","protected":false},"excerpt":{"rendered":"<p>Tout d&rsquo;abord, sachez que vous disposez de 3 s\u00e9ances sur 15 jours d&rsquo;essai maximum \u00e0 compter de votre premi\u00e8re s\u00e9ance. La cotisation s&rsquo;\u00e9l\u00e8ve \u00e0 &nbsp;: Diverses r\u00e9ductions, cumulables, peuvent \u00eatre [&hellip;]<\/p>\n","protected":false},"author":22,"featured_media":0,"parent":0,"menu_order":0,"comment_status":"closed","ping_status":"closed","template":"","meta":{"ngg_post_thumbnail":0,"jetpack_post_was_ever_published":false,"footnotes":""},"class_list":["post-5111","page","type-page","status-publish","czr-hentry"],"yoast_head":"<!-- This site is optimized with the Yoast SEO plugin v26.6 - https:\/\/yoast.com\/wordpress\/plugins\/seo\/ -->\n<title>Tarifs et documents 2025\/2026 - Badminton Club de Gien<\/title>\n<meta name=\"robots\" content=\"noindex, follow\" \/>\n<meta property=\"og:locale\" content=\"fr_FR\" \/>\n<meta property=\"og:type\" content=\"article\" \/>\n<meta property=\"og:title\" content=\"Tarifs et documents 2025\/2026 - Badminton Club de Gien\" \/>\n<meta property=\"og:description\" content=\"Tout d&rsquo;abord, sachez que vous disposez de 3 s\u00e9ances sur 15 jours d&rsquo;essai maximum \u00e0 compter de votre premi\u00e8re s\u00e9ance. La cotisation s&rsquo;\u00e9l\u00e8ve \u00e0 &nbsp;: Diverses r\u00e9ductions, cumulables, peuvent \u00eatre [&hellip;]\" \/>\n<meta property=\"og:url\" content=\"https:\/\/bcg45.fr\/index.php\/tarifs-et-documents-2025-2026\/\" \/>\n<meta property=\"og:site_name\" content=\"Badminton Club de Gien\" \/>\n<meta property=\"article:modified_time\" content=\"2025-08-31T17:12:51+00:00\" \/>\n<meta name=\"twitter:card\" content=\"summary_large_image\" \/>\n<meta name=\"twitter:label1\" content=\"Dur\u00e9e de lecture estim\u00e9e\" \/>\n\t<meta name=\"twitter:data1\" content=\"3 minutes\" \/>\n<script type=\"application\/ld+json\" class=\"yoast-schema-graph\">{\"@context\":\"https:\/\/schema.org\",\"@graph\":[{\"@type\":\"WebPage\",\"@id\":\"https:\/\/bcg45.fr\/index.php\/tarifs-et-documents-2025-2026\/\",\"url\":\"https:\/\/bcg45.fr\/index.php\/tarifs-et-documents-2025-2026\/\",\"name\":\"Tarifs et documents 2025\/2026 - Badminton Club de Gien\",\"isPartOf\":{\"@id\":\"https:\/\/bcg45.fr\/#website\"},\"datePublished\":\"2025-08-30T20:29:31+00:00\",\"dateModified\":\"2025-08-31T17:12:51+00:00\",\"breadcrumb\":{\"@id\":\"https:\/\/bcg45.fr\/index.php\/tarifs-et-documents-2025-2026\/#breadcrumb\"},\"inLanguage\":\"fr-FR\",\"potentialAction\":[{\"@type\":\"ReadAction\",\"target\":[\"https:\/\/bcg45.fr\/index.php\/tarifs-et-documents-2025-2026\/\"]}]},{\"@type\":\"BreadcrumbList\",\"@id\":\"https:\/\/bcg45.fr\/index.php\/tarifs-et-documents-2025-2026\/#breadcrumb\",\"itemListElement\":[{\"@type\":\"ListItem\",\"position\":1,\"name\":\"Accueil\",\"item\":\"https:\/\/bcg45.fr\/\"},{\"@type\":\"ListItem\",\"position\":2,\"name\":\"Tarifs et documents 2025\/2026\"}]},{\"@type\":\"WebSite\",\"@id\":\"https:\/\/bcg45.fr\/#website\",\"url\":\"https:\/\/bcg45.fr\/\",\"name\":\"Badminton Club de Gien\",\"description\":\"Badminton Club de Gien\",\"potentialAction\":[{\"@type\":\"SearchAction\",\"target\":{\"@type\":\"EntryPoint\",\"urlTemplate\":\"https:\/\/bcg45.fr\/?s={search_term_string}\"},\"query-input\":{\"@type\":\"PropertyValueSpecification\",\"valueRequired\":true,\"valueName\":\"search_term_string\"}}],\"inLanguage\":\"fr-FR\"}]}<\/script>\n<!-- \/ Yoast SEO plugin. -->","yoast_head_json":{"title":"Tarifs et documents 2025\/2026 - Badminton Club de Gien","robots":{"index":"noindex","follow":"follow"},"og_locale":"fr_FR","og_type":"article","og_title":"Tarifs et documents 2025\/2026 - Badminton Club de Gien","og_description":"Tout d&rsquo;abord, sachez que vous disposez de 3 s\u00e9ances sur 15 jours d&rsquo;essai maximum \u00e0 compter de votre premi\u00e8re s\u00e9ance. La cotisation s&rsquo;\u00e9l\u00e8ve \u00e0 &nbsp;: Diverses r\u00e9ductions, cumulables, peuvent \u00eatre [&hellip;]","og_url":"https:\/\/bcg45.fr\/index.php\/tarifs-et-documents-2025-2026\/","og_site_name":"Badminton Club de Gien","article_modified_time":"2025-08-31T17:12:51+00:00","twitter_card":"summary_large_image","twitter_misc":{"Dur\u00e9e de lecture estim\u00e9e":"3 minutes"},"schema":{"@context":"https:\/\/schema.org","@graph":[{"@type":"WebPage","@id":"https:\/\/bcg45.fr\/index.php\/tarifs-et-documents-2025-2026\/","url":"https:\/\/bcg45.fr\/index.php\/tarifs-et-documents-2025-2026\/","name":"Tarifs et documents 2025\/2026 - Badminton Club de Gien","isPartOf":{"@id":"https:\/\/bcg45.fr\/#website"},"datePublished":"2025-08-30T20:29:31+00:00","dateModified":"2025-08-31T17:12:51+00:00","breadcrumb":{"@id":"https:\/\/bcg45.fr\/index.php\/tarifs-et-documents-2025-2026\/#breadcrumb"},"inLanguage":"fr-FR","potentialAction":[{"@type":"ReadAction","target":["https:\/\/bcg45.fr\/index.php\/tarifs-et-documents-2025-2026\/"]}]},{"@type":"BreadcrumbList","@id":"https:\/\/bcg45.fr\/index.php\/tarifs-et-documents-2025-2026\/#breadcrumb","itemListElement":[{"@type":"ListItem","position":1,"name":"Accueil","item":"https:\/\/bcg45.fr\/"},{"@type":"ListItem","position":2,"name":"Tarifs et documents 2025\/2026"}]},{"@type":"WebSite","@id":"https:\/\/bcg45.fr\/#website","url":"https:\/\/bcg45.fr\/","name":"Badminton Club de Gien","description":"Badminton Club de Gien","potentialAction":[{"@type":"SearchAction","target":{"@type":"EntryPoint","urlTemplate":"https:\/\/bcg45.fr\/?s={search_term_string}"},"query-input":{"@type":"PropertyValueSpecification","valueRequired":true,"valueName":"search_term_string"}}],"inLanguage":"fr-FR"}]}},"jetpack_sharing_enabled":true,"jetpack_shortlink":"https:\/\/wp.me\/P74KfZ-1kr","_links":{"self":[{"href":"https:\/\/bcg45.fr\/index.php\/wp-json\/wp\/v2\/pages\/5111","targetHints":{"allow":["GET"]}}],"collection":[{"href":"https:\/\/bcg45.fr\/index.php\/wp-json\/wp\/v2\/pages"}],"about":[{"href":"https:\/\/bcg45.fr\/index.php\/wp-json\/wp\/v2\/types\/page"}],"author":[{"embeddable":true,"href":"https:\/\/bcg45.fr\/index.php\/wp-json\/wp\/v2\/users\/22"}],"replies":[{"embeddable":true,"href":"https:\/\/bcg45.fr\/index.php\/wp-json\/wp\/v2\/comments?post=5111"}],"version-history":[{"count":4,"href":"https:\/\/bcg45.fr\/index.php\/wp-json\/wp\/v2\/pages\/5111\/revisions"}],"predecessor-version":[{"id":5121,"href":"https:\/\/bcg45.fr\/index.php\/wp-json\/wp\/v2\/pages\/5111\/revisions\/5121"}],"wp:attachment":[{"href":"https:\/\/bcg45.fr\/index.php\/wp-json\/wp\/v2\/media?parent=5111"}],"curies":[{"name":"wp","href":"https:\/\/api.w.org\/{rel}","templated":true}]}}